{"id":1586,"date":"2022-09-27T22:21:04","date_gmt":"2022-09-28T01:21:04","guid":{"rendered":"https:\/\/novametaisgo.com.br\/?page_id=1586"},"modified":"2022-10-01T21:36:51","modified_gmt":"2022-10-02T00:36:51","slug":"orcamento","status":"publish","type":"page","link":"https:\/\/novametaisgo.com.br\/?page_id=1586","title":{"rendered":"Or\u00e7amento"},"content":{"rendered":"\n<p>Teremos prazer em atend\u00ea-lo, com a compet\u00eancia, experi\u00eancia e qualidade que apenas a Nova Metais possui.<br>Para solicitar um or\u00e7amento personalizado, preencha o formul\u00e1rio abaixo. Quanto mais informa\u00e7\u00f5es voc\u00ea fornecer, melhor ser\u00e1 o atendimento realizado por nossos vendedores.<\/p>\n\n\n\n<div class=\"wpcf7 no-js\" id=\"wpcf7-f1722-o1\" lang=\"pt-BR\" dir=\"ltr\" data-wpcf7-id=\"1722\">\n<div class=\"screen-reader-response\"><p role=\"status\" aria-live=\"polite\" aria-atomic=\"true\"><\/p> <ul><\/ul><\/div>\n<form action=\"\/index.php?rest_route=%2Fwp%2Fv2%2Fpages%2F1586#wpcf7-f1722-o1\" method=\"post\" class=\"wpcf7-form init\" aria-label=\"Formul\u00e1rios de contato\" novalidate=\"novalidate\" data-status=\"init\">\n<fieldset class=\"hidden-fields-container\"><input type=\"hidden\" name=\"_wpcf7\" value=\"1722\" \/><input type=\"hidden\" name=\"_wpcf7_version\" value=\"6.1\" \/><input type=\"hidden\" name=\"_wpcf7_locale\" value=\"pt_BR\" \/><input type=\"hidden\" name=\"_wpcf7_unit_tag\" value=\"wpcf7-f1722-o1\" \/><input type=\"hidden\" name=\"_wpcf7_container_post\" value=\"0\" \/><input type=\"hidden\" name=\"_wpcf7_posted_data_hash\" value=\"\" \/>\n<\/fieldset>\n<p><label> Nome<br \/>\n<span class=\"wpcf7-form-control-wrap\" data-name=\"your-name\"><input size=\"40\" maxlength=\"400\" class=\"wpcf7-form-control wpcf7-text wpcf7-validates-as-required\" aria-required=\"true\" aria-invalid=\"false\" value=\"\" type=\"text\" name=\"your-name\" \/><\/span> <\/label>\n<\/p>\n<p><label> E-mail<br \/>\n<span class=\"wpcf7-form-control-wrap\" data-name=\"your-email\"><input size=\"40\" maxlength=\"400\" class=\"wpcf7-form-control wpcf7-email wpcf7-validates-as-required wpcf7-text wpcf7-validates-as-email\" aria-required=\"true\" aria-invalid=\"false\" value=\"\" type=\"email\" name=\"your-email\" \/><\/span> <\/label>\n<\/p>\n<p><label> Telefone\/WhatsApp<br \/>\n<span class=\"wpcf7-form-control-wrap\" data-name=\"your-phone\"><input size=\"40\" maxlength=\"400\" class=\"wpcf7-form-control wpcf7-tel wpcf7-validates-as-required wpcf7-text wpcf7-validates-as-tel\" aria-required=\"true\" aria-invalid=\"false\" value=\"\" type=\"tel\" name=\"your-phone\" \/><\/span> <\/label>\n<\/p>\n<p><label> Empresa<br \/>\n<span class=\"wpcf7-form-control-wrap\" data-name=\"your-empresa\"><input size=\"40\" maxlength=\"400\" class=\"wpcf7-form-control wpcf7-tel wpcf7-validates-as-required wpcf7-text wpcf7-validates-as-tel\" aria-required=\"true\" aria-invalid=\"false\" value=\"\" type=\"tel\" name=\"your-empresa\" \/><\/span> <\/label>\n<\/p>\n<p><label> Cidade\/Estado<br \/>\n<span class=\"wpcf7-form-control-wrap\" data-name=\"your-city\"><input size=\"40\" maxlength=\"400\" class=\"wpcf7-form-control wpcf7-tel wpcf7-validates-as-required wpcf7-text wpcf7-validates-as-tel\" aria-required=\"true\" aria-invalid=\"false\" value=\"\" type=\"tel\" name=\"your-city\" \/><\/span> <\/label>\n<\/p>\n<p><label> Assunto<br \/>\n<span class=\"wpcf7-form-control-wrap\" data-name=\"your-subject\"><input size=\"40\" maxlength=\"400\" class=\"wpcf7-form-control wpcf7-text wpcf7-validates-as-required\" aria-required=\"true\" aria-invalid=\"false\" value=\"\" type=\"text\" name=\"your-subject\" \/><\/span> <\/label>\n<\/p>\n<p><label> Sua mensagem<br \/>\n<span class=\"wpcf7-form-control-wrap\" data-name=\"your-message\"><textarea cols=\"40\" rows=\"10\" maxlength=\"2000\" class=\"wpcf7-form-control wpcf7-textarea\" aria-invalid=\"false\" name=\"your-message\"><\/textarea><\/span> <\/label>\n<\/p>\n<p><input class=\"wpcf7-form-control wpcf7-submit has-spinner\" type=\"submit\" value=\"Enviar\" \/>\n<\/p><div class=\"wpcf7-response-output\" aria-hidden=\"true\"><\/div>\n<\/form>\n<\/div>\n\n","protected":false},"excerpt":{"rendered":"<p>Teremos prazer em atend\u00ea-lo, com a compet\u00eancia, experi\u00eancia e qualidade que apenas a Nova Metais [&hellip;]<\/p>\n","protected":false},"author":1,"featured_media":0,"parent":0,"menu_order":0,"comment_status":"closed","ping_status":"closed","template":"","meta":{"footnotes":"","_links_to":"","_links_to_target":""},"class_list":["post-1586","page","type-page","status-publish","hentry"],"yoast_head":"<!-- This site is optimized with the Yoast SEO plugin v25.5 - https:\/\/yoast.com\/wordpress\/plugins\/seo\/ -->\n<title>Or\u00e7amento - Nova Metais<\/title>\n<meta name=\"robots\" content=\"index, follow, max-snippet:-1, max-image-preview:large, max-video-preview:-1\" \/>\n<link rel=\"canonical\" href=\"https:\/\/novametaisgo.com.br\/?page_id=1586\" \/>\n<meta property=\"og:locale\" content=\"pt_BR\" \/>\n<meta property=\"og:type\" content=\"article\" \/>\n<meta property=\"og:title\" content=\"Or\u00e7amento - Nova Metais\" \/>\n<meta property=\"og:description\" content=\"Teremos prazer em atend\u00ea-lo, com a compet\u00eancia, experi\u00eancia e qualidade que apenas a Nova Metais [&hellip;]\" \/>\n<meta property=\"og:url\" content=\"https:\/\/novametaisgo.com.br\/?page_id=1586\" \/>\n<meta property=\"og:site_name\" content=\"Nova Metais\" \/>\n<meta property=\"article:modified_time\" content=\"2022-10-02T00:36:51+00:00\" \/>\n<meta name=\"twitter:card\" content=\"summary_large_image\" \/>\n<script type=\"application\/ld+json\" class=\"yoast-schema-graph\">{\"@context\":\"https:\/\/schema.org\",\"@graph\":[{\"@type\":\"WebPage\",\"@id\":\"https:\/\/novametaisgo.com.br\/?page_id=1586\",\"url\":\"https:\/\/novametaisgo.com.br\/?page_id=1586\",\"name\":\"Or\u00e7amento - Nova Metais\",\"isPartOf\":{\"@id\":\"https:\/\/novametaisgo.com.br\/#website\"},\"datePublished\":\"2022-09-28T01:21:04+00:00\",\"dateModified\":\"2022-10-02T00:36:51+00:00\",\"breadcrumb\":{\"@id\":\"https:\/\/novametaisgo.com.br\/?page_id=1586#breadcrumb\"},\"inLanguage\":\"pt-BR\",\"potentialAction\":[{\"@type\":\"ReadAction\",\"target\":[\"https:\/\/novametaisgo.com.br\/?page_id=1586\"]}]},{\"@type\":\"BreadcrumbList\",\"@id\":\"https:\/\/novametaisgo.com.br\/?page_id=1586#breadcrumb\",\"itemListElement\":[{\"@type\":\"ListItem\",\"position\":1,\"name\":\"In\u00edcio\",\"item\":\"https:\/\/novametaisgo.com.br\/\"},{\"@type\":\"ListItem\",\"position\":2,\"name\":\"Or\u00e7amento\"}]},{\"@type\":\"WebSite\",\"@id\":\"https:\/\/novametaisgo.com.br\/#website\",\"url\":\"https:\/\/novametaisgo.com.br\/\",\"name\":\"Nova Metais\",\"description\":\"\",\"publisher\":{\"@id\":\"https:\/\/novametaisgo.com.br\/#organization\"},\"potentialAction\":[{\"@type\":\"SearchAction\",\"target\":{\"@type\":\"EntryPoint\",\"urlTemplate\":\"https:\/\/novametaisgo.com.br\/?s={search_term_string}\"},\"query-input\":{\"@type\":\"PropertyValueSpecification\",\"valueRequired\":true,\"valueName\":\"search_term_string\"}}],\"inLanguage\":\"pt-BR\"},{\"@type\":\"Organization\",\"@id\":\"https:\/\/novametaisgo.com.br\/#organization\",\"name\":\"Nova Metais\",\"url\":\"https:\/\/novametaisgo.com.br\/\",\"logo\":{\"@type\":\"ImageObject\",\"inLanguage\":\"pt-BR\",\"@id\":\"https:\/\/novametaisgo.com.br\/#\/schema\/logo\/image\/\",\"url\":\"https:\/\/novametaisgo.com.br\/wp-content\/uploads\/2023\/01\/logo.png\",\"contentUrl\":\"https:\/\/novametaisgo.com.br\/wp-content\/uploads\/2023\/01\/logo.png\",\"width\":1564,\"height\":722,\"caption\":\"Nova Metais\"},\"image\":{\"@id\":\"https:\/\/novametaisgo.com.br\/#\/schema\/logo\/image\/\"}}]}<\/script>\n<!-- \/ Yoast SEO plugin. -->","yoast_head_json":{"title":"Or\u00e7amento - Nova Metais","robots":{"index":"index","follow":"follow","max-snippet":"max-snippet:-1","max-image-preview":"max-image-preview:large","max-video-preview":"max-video-preview:-1"},"canonical":"https:\/\/novametaisgo.com.br\/?page_id=1586","og_locale":"pt_BR","og_type":"article","og_title":"Or\u00e7amento - Nova Metais","og_description":"Teremos prazer em atend\u00ea-lo, com a compet\u00eancia, experi\u00eancia e qualidade que apenas a Nova Metais [&hellip;]","og_url":"https:\/\/novametaisgo.com.br\/?page_id=1586","og_site_name":"Nova Metais","article_modified_time":"2022-10-02T00:36:51+00:00","twitter_card":"summary_large_image","schema":{"@context":"https:\/\/schema.org","@graph":[{"@type":"WebPage","@id":"https:\/\/novametaisgo.com.br\/?page_id=1586","url":"https:\/\/novametaisgo.com.br\/?page_id=1586","name":"Or\u00e7amento - Nova Metais","isPartOf":{"@id":"https:\/\/novametaisgo.com.br\/#website"},"datePublished":"2022-09-28T01:21:04+00:00","dateModified":"2022-10-02T00:36:51+00:00","breadcrumb":{"@id":"https:\/\/novametaisgo.com.br\/?page_id=1586#breadcrumb"},"inLanguage":"pt-BR","potentialAction":[{"@type":"ReadAction","target":["https:\/\/novametaisgo.com.br\/?page_id=1586"]}]},{"@type":"BreadcrumbList","@id":"https:\/\/novametaisgo.com.br\/?page_id=1586#breadcrumb","itemListElement":[{"@type":"ListItem","position":1,"name":"In\u00edcio","item":"https:\/\/novametaisgo.com.br\/"},{"@type":"ListItem","position":2,"name":"Or\u00e7amento"}]},{"@type":"WebSite","@id":"https:\/\/novametaisgo.com.br\/#website","url":"https:\/\/novametaisgo.com.br\/","name":"Nova Metais","description":"","publisher":{"@id":"https:\/\/novametaisgo.com.br\/#organization"},"potentialAction":[{"@type":"SearchAction","target":{"@type":"EntryPoint","urlTemplate":"https:\/\/novametaisgo.com.br\/?s={search_term_string}"},"query-input":{"@type":"PropertyValueSpecification","valueRequired":true,"valueName":"search_term_string"}}],"inLanguage":"pt-BR"},{"@type":"Organization","@id":"https:\/\/novametaisgo.com.br\/#organization","name":"Nova Metais","url":"https:\/\/novametaisgo.com.br\/","logo":{"@type":"ImageObject","inLanguage":"pt-BR","@id":"https:\/\/novametaisgo.com.br\/#\/schema\/logo\/image\/","url":"https:\/\/novametaisgo.com.br\/wp-content\/uploads\/2023\/01\/logo.png","contentUrl":"https:\/\/novametaisgo.com.br\/wp-content\/uploads\/2023\/01\/logo.png","width":1564,"height":722,"caption":"Nova Metais"},"image":{"@id":"https:\/\/novametaisgo.com.br\/#\/schema\/logo\/image\/"}}]}},"_links":{"self":[{"href":"https:\/\/novametaisgo.com.br\/index.php?rest_route=\/wp\/v2\/pages\/1586","targetHints":{"allow":["GET"]}}],"collection":[{"href":"https:\/\/novametaisgo.com.br\/index.php?rest_route=\/wp\/v2\/pages"}],"about":[{"href":"https:\/\/novametaisgo.com.br\/index.php?rest_route=\/wp\/v2\/types\/page"}],"author":[{"embeddable":true,"href":"https:\/\/novametaisgo.com.br\/index.php?rest_route=\/wp\/v2\/users\/1"}],"replies":[{"embeddable":true,"href":"https:\/\/novametaisgo.com.br\/index.php?rest_route=%2Fwp%2Fv2%2Fcomments&post=1586"}],"version-history":[{"count":2,"href":"https:\/\/novametaisgo.com.br\/index.php?rest_route=\/wp\/v2\/pages\/1586\/revisions"}],"predecessor-version":[{"id":1723,"href":"https:\/\/novametaisgo.com.br\/index.php?rest_route=\/wp\/v2\/pages\/1586\/revisions\/1723"}],"wp:attachment":[{"href":"https:\/\/novametaisgo.com.br\/index.php?rest_route=%2Fwp%2Fv2%2Fmedia&parent=1586"}],"curies":[{"name":"wp","href":"https:\/\/api.w.org\/{rel}","templated":true}]}}