{"id":1582,"date":"2022-09-27T22:21:03","date_gmt":"2022-09-28T01:21:03","guid":{"rendered":"https:\/\/novametaisgo.com.br\/?page_id=1582"},"modified":"2023-08-04T10:02:37","modified_gmt":"2023-08-04T13:02:37","slug":"a-nova-metais","status":"publish","type":"page","link":"https:\/\/novametaisgo.com.br\/?page_id=1582","title":{"rendered":"A Nova Metais"},"content":{"rendered":"\n<p><p align=\"justify\">A Nova Metais, \u00e9 uma das maiores empresas de venda e fabrica\u00e7\u00e3o metais da regi\u00e3o, localizada na cidade de Goian\u00e9sia-GO, contamos com um diferencial largamente reconhecido pelo mercado, que \u00e9 nossa ampla variedade de produtos e servi\u00e7os.<\/p><\/p>\n\n\n\n<p><p align=\"justify\">Com um estoque de distribui\u00e7\u00e3o significativo, contamos com uma linha de produtos dentre eles: chapas, perfil, metalon, telhas trap\u00e9zio, cantoneiras, calhas, tubos, ferro mec\u00e2nico, barras chatas, zinco, telhas termoac\u00fastica, coifas, condutores, chapas de inox e outros.<\/p><\/p>\n\n\n\n<p><p align=\"justify\">Dispomos em estoque, inclusive, para entrega imediata, possu\u00edmos uma central de cortes, equipadas com m\u00e1quinas de alta performance e, tamb\u00e9m, contamos com uma frota pr\u00f3pria, para entrega de nossos produtos.<\/p><\/p>\n\n\n\n<p><p align=\"justify\">Nossos parceiros s\u00e3o atendidos por profissionais altamente qualificados e, periodicamente, capacitados atrav\u00e9s de programas de treinamento, que buscam alcan\u00e7ar a qualidade total em atendimento ao cliente.<\/p><\/p>\n\n\n\n<figure class=\"wp-block-image size-large is-resized\"><img loading=\"lazy\" decoding=\"async\" src=\"https:\/\/novametaisgo.com.br\/wp-content\/uploads\/2023\/08\/nm-estrutura-1-1024x768.jpeg\" alt=\"\" class=\"wp-image-1950\" style=\"width:746px;height:560px\" width=\"746\" height=\"560\" srcset=\"https:\/\/novametaisgo.com.br\/wp-content\/uploads\/2023\/08\/nm-estrutura-1-1024x768.jpeg 1024w, https:\/\/novametaisgo.com.br\/wp-content\/uploads\/2023\/08\/nm-estrutura-1-300x225.jpeg 300w, https:\/\/novametaisgo.com.br\/wp-content\/uploads\/2023\/08\/nm-estrutura-1-768x576.jpeg 768w, https:\/\/novametaisgo.com.br\/wp-content\/uploads\/2023\/08\/nm-estrutura-1-1536x1152.jpeg 1536w, https:\/\/novametaisgo.com.br\/wp-content\/uploads\/2023\/08\/nm-estrutura-1.jpeg 1600w\" sizes=\"auto, (max-width: 746px) 100vw, 746px\" \/><\/figure>\n\n\n\n<p><p align=\"justify\"><strong>Miss\u00e3o<\/strong>: Alcan\u00e7ar o reconhecimento de nossos clientes atrav\u00e9s da refer\u00eancia em atendimento personalizado e qualidade dos produtos.<\/p><\/p>\n\n\n\n<p><p align=\"justify\"><strong>Vis\u00e3o:<\/strong> Ser uma empresa refer\u00eancia, reconhecida como a melhor op\u00e7\u00e3o por clientes, colaboradores, comunidade e fornecedores, atrav\u00e9s da qualidade dos nossos produtos e servi\u00e7os oferecidos.<\/p><\/p>\n\n\n\n<p><p align=\"justify\"><strong>Valores:<\/strong> \u00c9tica, respeito, comprometimento, qualidade, seguran\u00e7a, respeito ao meio ambiente, valoriza\u00e7\u00e3o humana e foco nos resultados.<\/p><\/p>\n\n\n\n<p><p align=\"justify\"><strong>Respeito ao Meio Ambiente<\/strong>: Somos uma empresa comprometida com o  respeito ao meio ambiente, todos os nossos produtos s\u00e3o fabricados e descartados de maneira n\u00e3o agravante ao ambiente e sociedade.<\/p><\/p>\n","protected":false},"excerpt":{"rendered":"<p>A Nova Metais, \u00e9 uma das maiores empresas de venda e fabrica\u00e7\u00e3o metais da regi\u00e3o, [&hellip;]<\/p>\n","protected":false},"author":1,"featured_media":0,"parent":0,"menu_order":0,"comment_status":"closed","ping_status":"closed","template":"","meta":{"footnotes":"","_links_to":"","_links_to_target":""},"class_list":["post-1582","page","type-page","status-publish","hentry"],"yoast_head":"<!-- This site is optimized with the Yoast SEO plugin v25.5 - https:\/\/yoast.com\/wordpress\/plugins\/seo\/ -->\n<title>A Nova Metais - Nova Metais<\/title>\n<meta name=\"robots\" content=\"index, follow, max-snippet:-1, max-image-preview:large, max-video-preview:-1\" \/>\n<link rel=\"canonical\" href=\"https:\/\/novametaisgo.com.br\/?page_id=1582\" \/>\n<meta property=\"og:locale\" content=\"pt_BR\" \/>\n<meta property=\"og:type\" content=\"article\" \/>\n<meta property=\"og:title\" content=\"A Nova Metais - Nova Metais\" \/>\n<meta property=\"og:description\" content=\"A Nova Metais, \u00e9 uma das maiores empresas de venda e fabrica\u00e7\u00e3o metais da regi\u00e3o, [&hellip;]\" \/>\n<meta property=\"og:url\" content=\"https:\/\/novametaisgo.com.br\/?page_id=1582\" \/>\n<meta property=\"og:site_name\" content=\"Nova Metais\" \/>\n<meta property=\"article:modified_time\" content=\"2023-08-04T13:02:37+00:00\" \/>\n<meta property=\"og:image\" content=\"https:\/\/novametaisgo.com.br\/wp-content\/uploads\/2023\/08\/nm-estrutura-1-1024x768.jpeg\" \/>\n<meta name=\"twitter:card\" content=\"summary_large_image\" \/>\n<meta name=\"twitter:label1\" content=\"Est. tempo de leitura\" \/>\n\t<meta name=\"twitter:data1\" content=\"2 minutos\" \/>\n<script type=\"application\/ld+json\" class=\"yoast-schema-graph\">{\"@context\":\"https:\/\/schema.org\",\"@graph\":[{\"@type\":\"WebPage\",\"@id\":\"https:\/\/novametaisgo.com.br\/?page_id=1582\",\"url\":\"https:\/\/novametaisgo.com.br\/?page_id=1582\",\"name\":\"A Nova Metais - Nova Metais\",\"isPartOf\":{\"@id\":\"https:\/\/novametaisgo.com.br\/#website\"},\"primaryImageOfPage\":{\"@id\":\"https:\/\/novametaisgo.com.br\/?page_id=1582#primaryimage\"},\"image\":{\"@id\":\"https:\/\/novametaisgo.com.br\/?page_id=1582#primaryimage\"},\"thumbnailUrl\":\"https:\/\/novametaisgo.com.br\/wp-content\/uploads\/2023\/08\/nm-estrutura-1-1024x768.jpeg\",\"datePublished\":\"2022-09-28T01:21:03+00:00\",\"dateModified\":\"2023-08-04T13:02:37+00:00\",\"breadcrumb\":{\"@id\":\"https:\/\/novametaisgo.com.br\/?page_id=1582#breadcrumb\"},\"inLanguage\":\"pt-BR\",\"potentialAction\":[{\"@type\":\"ReadAction\",\"target\":[\"https:\/\/novametaisgo.com.br\/?page_id=1582\"]}]},{\"@type\":\"ImageObject\",\"inLanguage\":\"pt-BR\",\"@id\":\"https:\/\/novametaisgo.com.br\/?page_id=1582#primaryimage\",\"url\":\"https:\/\/novametaisgo.com.br\/wp-content\/uploads\/2023\/08\/nm-estrutura-1-1024x768.jpeg\",\"contentUrl\":\"https:\/\/novametaisgo.com.br\/wp-content\/uploads\/2023\/08\/nm-estrutura-1-1024x768.jpeg\"},{\"@type\":\"BreadcrumbList\",\"@id\":\"https:\/\/novametaisgo.com.br\/?page_id=1582#breadcrumb\",\"itemListElement\":[{\"@type\":\"ListItem\",\"position\":1,\"name\":\"In\u00edcio\",\"item\":\"https:\/\/novametaisgo.com.br\/\"},{\"@type\":\"ListItem\",\"position\":2,\"name\":\"A Nova Metais\"}]},{\"@type\":\"WebSite\",\"@id\":\"https:\/\/novametaisgo.com.br\/#website\",\"url\":\"https:\/\/novametaisgo.com.br\/\",\"name\":\"Nova Metais\",\"description\":\"\",\"publisher\":{\"@id\":\"https:\/\/novametaisgo.com.br\/#organization\"},\"potentialAction\":[{\"@type\":\"SearchAction\",\"target\":{\"@type\":\"EntryPoint\",\"urlTemplate\":\"https:\/\/novametaisgo.com.br\/?s={search_term_string}\"},\"query-input\":{\"@type\":\"PropertyValueSpecification\",\"valueRequired\":true,\"valueName\":\"search_term_string\"}}],\"inLanguage\":\"pt-BR\"},{\"@type\":\"Organization\",\"@id\":\"https:\/\/novametaisgo.com.br\/#organization\",\"name\":\"Nova Metais\",\"url\":\"https:\/\/novametaisgo.com.br\/\",\"logo\":{\"@type\":\"ImageObject\",\"inLanguage\":\"pt-BR\",\"@id\":\"https:\/\/novametaisgo.com.br\/#\/schema\/logo\/image\/\",\"url\":\"https:\/\/novametaisgo.com.br\/wp-content\/uploads\/2023\/01\/logo.png\",\"contentUrl\":\"https:\/\/novametaisgo.com.br\/wp-content\/uploads\/2023\/01\/logo.png\",\"width\":1564,\"height\":722,\"caption\":\"Nova Metais\"},\"image\":{\"@id\":\"https:\/\/novametaisgo.com.br\/#\/schema\/logo\/image\/\"}}]}<\/script>\n<!-- \/ Yoast SEO plugin. -->","yoast_head_json":{"title":"A Nova Metais - Nova Metais","robots":{"index":"index","follow":"follow","max-snippet":"max-snippet:-1","max-image-preview":"max-image-preview:large","max-video-preview":"max-video-preview:-1"},"canonical":"https:\/\/novametaisgo.com.br\/?page_id=1582","og_locale":"pt_BR","og_type":"article","og_title":"A Nova Metais - Nova Metais","og_description":"A Nova Metais, \u00e9 uma das maiores empresas de venda e fabrica\u00e7\u00e3o metais da regi\u00e3o, [&hellip;]","og_url":"https:\/\/novametaisgo.com.br\/?page_id=1582","og_site_name":"Nova Metais","article_modified_time":"2023-08-04T13:02:37+00:00","og_image":[{"url":"https:\/\/novametaisgo.com.br\/wp-content\/uploads\/2023\/08\/nm-estrutura-1-1024x768.jpeg","type":"","width":"","height":""}],"twitter_card":"summary_large_image","twitter_misc":{"Est. tempo de leitura":"2 minutos"},"schema":{"@context":"https:\/\/schema.org","@graph":[{"@type":"WebPage","@id":"https:\/\/novametaisgo.com.br\/?page_id=1582","url":"https:\/\/novametaisgo.com.br\/?page_id=1582","name":"A Nova Metais - Nova Metais","isPartOf":{"@id":"https:\/\/novametaisgo.com.br\/#website"},"primaryImageOfPage":{"@id":"https:\/\/novametaisgo.com.br\/?page_id=1582#primaryimage"},"image":{"@id":"https:\/\/novametaisgo.com.br\/?page_id=1582#primaryimage"},"thumbnailUrl":"https:\/\/novametaisgo.com.br\/wp-content\/uploads\/2023\/08\/nm-estrutura-1-1024x768.jpeg","datePublished":"2022-09-28T01:21:03+00:00","dateModified":"2023-08-04T13:02:37+00:00","breadcrumb":{"@id":"https:\/\/novametaisgo.com.br\/?page_id=1582#breadcrumb"},"inLanguage":"pt-BR","potentialAction":[{"@type":"ReadAction","target":["https:\/\/novametaisgo.com.br\/?page_id=1582"]}]},{"@type":"ImageObject","inLanguage":"pt-BR","@id":"https:\/\/novametaisgo.com.br\/?page_id=1582#primaryimage","url":"https:\/\/novametaisgo.com.br\/wp-content\/uploads\/2023\/08\/nm-estrutura-1-1024x768.jpeg","contentUrl":"https:\/\/novametaisgo.com.br\/wp-content\/uploads\/2023\/08\/nm-estrutura-1-1024x768.jpeg"},{"@type":"BreadcrumbList","@id":"https:\/\/novametaisgo.com.br\/?page_id=1582#breadcrumb","itemListElement":[{"@type":"ListItem","position":1,"name":"In\u00edcio","item":"https:\/\/novametaisgo.com.br\/"},{"@type":"ListItem","position":2,"name":"A Nova Metais"}]},{"@type":"WebSite","@id":"https:\/\/novametaisgo.com.br\/#website","url":"https:\/\/novametaisgo.com.br\/","name":"Nova Metais","description":"","publisher":{"@id":"https:\/\/novametaisgo.com.br\/#organization"},"potentialAction":[{"@type":"SearchAction","target":{"@type":"EntryPoint","urlTemplate":"https:\/\/novametaisgo.com.br\/?s={search_term_string}"},"query-input":{"@type":"PropertyValueSpecification","valueRequired":true,"valueName":"search_term_string"}}],"inLanguage":"pt-BR"},{"@type":"Organization","@id":"https:\/\/novametaisgo.com.br\/#organization","name":"Nova Metais","url":"https:\/\/novametaisgo.com.br\/","logo":{"@type":"ImageObject","inLanguage":"pt-BR","@id":"https:\/\/novametaisgo.com.br\/#\/schema\/logo\/image\/","url":"https:\/\/novametaisgo.com.br\/wp-content\/uploads\/2023\/01\/logo.png","contentUrl":"https:\/\/novametaisgo.com.br\/wp-content\/uploads\/2023\/01\/logo.png","width":1564,"height":722,"caption":"Nova Metais"},"image":{"@id":"https:\/\/novametaisgo.com.br\/#\/schema\/logo\/image\/"}}]}},"_links":{"self":[{"href":"https:\/\/novametaisgo.com.br\/index.php?rest_route=\/wp\/v2\/pages\/1582","targetHints":{"allow":["GET"]}}],"collection":[{"href":"https:\/\/novametaisgo.com.br\/index.php?rest_route=\/wp\/v2\/pages"}],"about":[{"href":"https:\/\/novametaisgo.com.br\/index.php?rest_route=\/wp\/v2\/types\/page"}],"author":[{"embeddable":true,"href":"https:\/\/novametaisgo.com.br\/index.php?rest_route=\/wp\/v2\/users\/1"}],"replies":[{"embeddable":true,"href":"https:\/\/novametaisgo.com.br\/index.php?rest_route=%2Fwp%2Fv2%2Fcomments&post=1582"}],"version-history":[{"count":13,"href":"https:\/\/novametaisgo.com.br\/index.php?rest_route=\/wp\/v2\/pages\/1582\/revisions"}],"predecessor-version":[{"id":1952,"href":"https:\/\/novametaisgo.com.br\/index.php?rest_route=\/wp\/v2\/pages\/1582\/revisions\/1952"}],"wp:attachment":[{"href":"https:\/\/novametaisgo.com.br\/index.php?rest_route=%2Fwp%2Fv2%2Fmedia&parent=1582"}],"curies":[{"name":"wp","href":"https:\/\/api.w.org\/{rel}","templated":true}]}}